{"id":113,"date":"2025-05-20T05:53:19","date_gmt":"2025-05-20T05:53:19","guid":{"rendered":"https:\/\/www.zm-consulting.cz\/?page_id=113"},"modified":"2025-05-20T05:53:19","modified_gmt":"2025-05-20T05:53:19","slug":"nepal","status":"publish","type":"page","link":"https:\/\/www.zm-consulting.cz\/?page_id=113","title":{"rendered":"Nep\u00e1l"},"content":{"rendered":"\n<h3 class=\"wp-block-heading\"><br>N\u011bkter\u00e1 fakta Nep\u00e1lu<\/h3>\n\n\n\n<div class=\"wp-block-columns alignfull are-vertically-aligned-center is-layout-flex wp-container-core-columns-is-layout-9d6595d7 wp-block-columns-is-layout-flex\">\n<div class=\"wp-block-column is-vertically-aligned-center is-layout-flow wp-block-column-is-layout-flow\" style=\"flex-basis:66.66%\">\n<ul class=\"wp-block-list\">\n<li>Celkov\u00e1 populace \u010d\u00edt\u00e1 a\u017e je 40 millionu obyvatel<\/li>\n\n\n\n<li>Rozloha147 181 km<sup>2<\/sup><\/li>\n\n\n\n<li>Hlavn\u00ed m\u011bsto je Kathmandu a ofici\u00e1ln\u00ed jazyk je nep\u00e1lsk\u00fd<\/li>\n\n\n\n<li>Zem\u011b nejdel\u0161\u00edho poho\u0159\u00ed Himal\u00e1je a nejvy\u0161\u0161\u00ed hory sv\u011bta vrcholu Mt. Everest<\/li>\n\n\n\n<li>M\u00edsto narozen\u00ed Buddhy<\/li>\n<\/ul>\n<\/div>\n\n\n\n<div class=\"wp-block-column is-vertically-aligned-center is-layout-flow wp-block-column-is-layout-flow\" style=\"flex-basis:33.33%\">\n<figure class=\"wp-block-image size-full\"><img loading=\"lazy\" decoding=\"async\" width=\"446\" height=\"446\" src=\"http:\/\/www.zm-consulting.cz\/wp-content\/uploads\/2025\/05\/maps_Nepal.jpg\" alt=\"\" class=\"wp-image-114\" srcset=\"https:\/\/www.zm-consulting.cz\/wp-content\/uploads\/2025\/05\/maps_Nepal.jpg 446w, https:\/\/www.zm-consulting.cz\/wp-content\/uploads\/2025\/05\/maps_Nepal-300x300.jpg 300w, https:\/\/www.zm-consulting.cz\/wp-content\/uploads\/2025\/05\/maps_Nepal-150x150.jpg 150w\" sizes=\"auto, (max-width: 446px) 100vw, 446px\" \/><\/figure>\n<\/div>\n<\/div>\n\n\n<div class=\"wp-block-image\">\n<figure class=\"alignleft size-full is-resized\"><img loading=\"lazy\" decoding=\"async\" width=\"1024\" height=\"958\" src=\"https:\/\/www.zm-consulting.cz\/wp-content\/uploads\/2025\/05\/znak_Nepal.png\" alt=\"\" class=\"wp-image-115\" style=\"width:145px;height:auto\" srcset=\"https:\/\/www.zm-consulting.cz\/wp-content\/uploads\/2025\/05\/znak_Nepal.png 1024w, https:\/\/www.zm-consulting.cz\/wp-content\/uploads\/2025\/05\/znak_Nepal-300x281.png 300w, https:\/\/www.zm-consulting.cz\/wp-content\/uploads\/2025\/05\/znak_Nepal-768x719.png 768w, https:\/\/www.zm-consulting.cz\/wp-content\/uploads\/2025\/05\/znak_Nepal-900x842.png 900w\" sizes=\"auto, (max-width: 1024px) 100vw, 1024px\" \/><\/figure>\n<\/div>\n\n\n<p>Nep\u00e1l je mnohon\u00e1rodnostn\u00ed, mnohojazy\u010dn\u00fd, mnohon\u00e1bo\u017eensk\u00fd a multikulturn\u00ed st\u00e1t. Nep\u00e1l je parlamentn\u00ed republikou se syst\u00e9mem v\u00edce politick\u00fdch stran. M\u00e1 t\u0159i politick\u00e9 strany zastoupen\u00e9 ve feder\u00e1ln\u00edm parlamentu.<\/p>\n\n\n\n<p>Nep\u00e1l se \u0159\u00edd\u00ed nep\u00e1lskou \u00fastavou. Podle n\u00ed m\u00e1 Nep\u00e1l multietnick\u00e9, multilingv\u00e1ln\u00ed, multin\u00e1bo\u017eensk\u00e9 a multikulturn\u00ed charakteristiky se spole\u010dn\u00fdmi aspiracemi lid\u00ed \u017eij\u00edc\u00edch v r\u016fzn\u00fdch geografick\u00fdch oblastech, kte\u0159\u00ed jsou odd\u00e1ni a sjednoceni poutem v\u011brnosti n\u00e1rodn\u00ed nez\u00e1vislosti, \u00fazemn\u00ed celistvosti, n\u00e1rodn\u00edm z\u00e1jm\u016fm a prosperit\u011b Nep\u00e1lu.<\/p>\n\n\n\n<p>Nep\u00e1l je p\u0159i obran\u011b zem\u011b z\u00e1visl\u00fd na diplomacii. Ve vztaz\u00edch se sv\u00fdmi sousedy zachov\u00e1v\u00e1 politiku neutrality, s ostatn\u00edmi zem\u011bmi v regionu m\u00e1 p\u0159\u00e1telsk\u00e9 vztahy.<\/p>\n\n\n\n<p>Nep\u00e1lsk\u00e1 pracovn\u00ed s\u00edla s 16,8 milionu pracovn\u00edk\u016f je 37. nejv\u011bt\u0161\u00ed na sv\u011bt\u011b. M\u00edra nezam\u011bstnanosti a podzam\u011bstnanosti p\u0159esahuje polovinu pr\u00e1ceschopn\u00e9ho obyvatelstva, co\u017e nut\u00ed miliony lid\u00ed hledat pr\u00e1ci v\u00a0zahrani\u010d\u00ed. Stav\u00e1jej\u00ed se tak spolehlivou zahrani\u010dn\u00ed pracovn\u00ed silou.<\/p>\n\n\n\n<p>V\u00a0roce 2017 bylo zaps\u00e1no v\u00edce ne\u017e sedm milion\u016f student\u016f v\u00a0asi 36 000 \u0161kol\u00e1ch. \u010cist\u00e1 m\u00edra z\u00e1pisu na z\u00e1kladn\u00ed \u0161koly dos\u00e1hla do roku 2017 97\u00a0%. Nep\u00e1l m\u00e1 jeden\u00e1ct univerzit a \u010dty\u0159i nez\u00e1visl\u00e9 akademie v\u011bd.<\/p>\n\n\n\n<p><em>\u2013 zdroj Wikipedia<\/em><\/p>\n\n\n\n<p><\/p>\n\n\n\n<p><\/p>\n","protected":false},"excerpt":{"rendered":"<p>N\u011bkter\u00e1 fakta Nep\u00e1lu Nep\u00e1l je mnohon\u00e1rodnostn\u00ed, mnohojazy\u010dn\u00fd, mnohon\u00e1bo\u017eensk\u00fd a multikulturn\u00ed st\u00e1t. Nep\u00e1l je parlamentn\u00ed republikou se syst\u00e9mem v\u00edce politick\u00fdch stran. M\u00e1 t\u0159i politick\u00e9 strany zastoupen\u00e9&hellip;<\/p>\n","protected":false},"author":1,"featured_media":0,"parent":0,"menu_order":0,"comment_status":"closed","ping_status":"closed","template":"","meta":{"footnotes":""},"class_list":["post-113","page","type-page","status-publish","hentry"],"_links":{"self":[{"href":"https:\/\/www.zm-consulting.cz\/index.php?rest_route=\/wp\/v2\/pages\/113","targetHints":{"allow":["GET"]}}],"collection":[{"href":"https:\/\/www.zm-consulting.cz\/index.php?rest_route=\/wp\/v2\/pages"}],"about":[{"href":"https:\/\/www.zm-consulting.cz\/index.php?rest_route=\/wp\/v2\/types\/page"}],"author":[{"embeddable":true,"href":"https:\/\/www.zm-consulting.cz\/index.php?rest_route=\/wp\/v2\/users\/1"}],"replies":[{"embeddable":true,"href":"https:\/\/www.zm-consulting.cz\/index.php?rest_route=%2Fwp%2Fv2%2Fcomments&post=113"}],"version-history":[{"count":1,"href":"https:\/\/www.zm-consulting.cz\/index.php?rest_route=\/wp\/v2\/pages\/113\/revisions"}],"predecessor-version":[{"id":117,"href":"https:\/\/www.zm-consulting.cz\/index.php?rest_route=\/wp\/v2\/pages\/113\/revisions\/117"}],"wp:attachment":[{"href":"https:\/\/www.zm-consulting.cz\/index.php?rest_route=%2Fwp%2Fv2%2Fmedia&parent=113"}],"curies":[{"name":"wp","href":"https:\/\/api.w.org\/{rel}","templated":true}]}}