{"id":29,"date":"2025-05-13T07:47:44","date_gmt":"2025-05-13T07:47:44","guid":{"rendered":"https:\/\/www.zm-consulting.cz\/?page_id=29"},"modified":"2025-05-19T03:08:07","modified_gmt":"2025-05-19T03:08:07","slug":"cz","status":"publish","type":"page","link":"https:\/\/www.zm-consulting.cz\/","title":{"rendered":"\u00a0"},"content":{"rendered":"<div class=\"wp-block-image\">\n<figure class=\"aligncenter size-full is-resized\"><img loading=\"lazy\" decoding=\"async\" width=\"394\" height=\"243\" src=\"http:\/\/www.zm-consulting.cz\/wp-content\/uploads\/2025\/05\/logo-1.png\" alt=\"\" class=\"wp-image-20\" style=\"width:295px;height:auto\" srcset=\"https:\/\/www.zm-consulting.cz\/wp-content\/uploads\/2025\/05\/logo-1.png 394w, https:\/\/www.zm-consulting.cz\/wp-content\/uploads\/2025\/05\/logo-1-300x185.png 300w\" sizes=\"auto, (max-width: 394px) 100vw, 394px\" \/><\/figure>\n<\/div>\n\n\n<h2 class=\"wp-block-heading has-text-align-center\">Kvalifikovan\u00e1 s\u00edla z Nep\u00e1lu<\/h2>\n\n\n\n<h2 class=\"wp-block-heading has-text-align-center\">P\u0159ipojte se k s\u00edti talent\u016f<\/h2>\n\n\n\n<h2 class=\"wp-block-heading has-text-align-center has-grey-color has-text-color has-link-color has-large-font-size wp-elements-0e8e6da1384cd6e2140b7970c5b614c0\">PORADENSTV\u00cd | KOORDINACE | LEGISLATIVA<\/h2>\n\n\n\n<p><\/p>\n","protected":false},"excerpt":{"rendered":"<p>Kvalifikovan\u00e1 s\u00edla z Nep\u00e1lu P\u0159ipojte se k s\u00edti talent\u016f PORADENSTV\u00cd | KOORDINACE | LEGISLATIVA<\/p>\n","protected":false},"author":1,"featured_media":0,"parent":0,"menu_order":0,"comment_status":"closed","ping_status":"closed","template":"","meta":{"footnotes":""},"class_list":["post-29","page","type-page","status-publish","hentry"],"_links":{"self":[{"href":"https:\/\/www.zm-consulting.cz\/index.php?rest_route=\/wp\/v2\/pages\/29","targetHints":{"allow":["GET"]}}],"collection":[{"href":"https:\/\/www.zm-consulting.cz\/index.php?rest_route=\/wp\/v2\/pages"}],"about":[{"href":"https:\/\/www.zm-consulting.cz\/index.php?rest_route=\/wp\/v2\/types\/page"}],"author":[{"embeddable":true,"href":"https:\/\/www.zm-consulting.cz\/index.php?rest_route=\/wp\/v2\/users\/1"}],"replies":[{"embeddable":true,"href":"https:\/\/www.zm-consulting.cz\/index.php?rest_route=%2Fwp%2Fv2%2Fcomments&post=29"}],"version-history":[{"count":19,"href":"https:\/\/www.zm-consulting.cz\/index.php?rest_route=\/wp\/v2\/pages\/29\/revisions"}],"predecessor-version":[{"id":103,"href":"https:\/\/www.zm-consulting.cz\/index.php?rest_route=\/wp\/v2\/pages\/29\/revisions\/103"}],"wp:attachment":[{"href":"https:\/\/www.zm-consulting.cz\/index.php?rest_route=%2Fwp%2Fv2%2Fmedia&parent=29"}],"curies":[{"name":"wp","href":"https:\/\/api.w.org\/{rel}","templated":true}]}}