{"id":43,"date":"2025-05-13T07:58:46","date_gmt":"2025-05-13T07:58:46","guid":{"rendered":"https:\/\/www.zm-consulting.cz\/?page_id=43"},"modified":"2025-05-20T06:15:47","modified_gmt":"2025-05-20T06:15:47","slug":"43-2","status":"publish","type":"page","link":"https:\/\/www.zm-consulting.cz\/?page_id=43","title":{"rendered":"o n\u00e1s"},"content":{"rendered":"\n<p>ZM International Enterprise s.r.o. je \u010desk\u00e1 poradensk\u00e1 spole\u010dnost zastupuj\u00edc\u00ed ZM International Pvt. Ltd., licencovanou zam\u011bstnaneckou agenturu v Nep\u00e1lu.<\/p>\n\n\n\n<p>Na\u0161\u00edm posl\u00e1n\u00edm je propojit kvalifikovan\u00e9 a polo kvalifikovan\u00e9 nep\u00e1lsk\u00e9 pracovn\u00edky s d\u016fv\u011bryhodn\u00fdmi zam\u011bstnavateli v Evropsk\u00e9 unii, zejm\u00e9na v \u010cesk\u00e9 republice.<\/p>\n\n\n\n<p>P\u016fsob\u00edme jako leg\u00e1ln\u00ed a profesion\u00e1ln\u00ed most, kter\u00fd nab\u00edz\u00ed poradenstv\u00ed, koordinaci a podporu dodr\u017eov\u00e1n\u00ed p\u0159edpis\u016f zam\u011bstnavatel\u016fm i pracovn\u00edk\u016fm.<\/p>\n\n\n\n<p><\/p>\n\n\n\n<h5 class=\"wp-block-heading\">na\u0161e slu\u017eby<\/h5>\n\n\n\n<ul class=\"wp-block-list\">\n<li>znalost m\u00edstn\u00edho prost\u0159ed\u00ed<\/li>\n\n\n\n<li>organizace jedn\u00e1n\u00ed s pracovn\u00edmi agenturami<\/li>\n\n\n\n<li>logistika a asistence p\u0159i jedn\u00e1n\u00ed<\/li>\n\n\n\n<li>poradenstv\u00ed s legislativou<\/li>\n<\/ul>\n\n\n\n<p><\/p>\n","protected":false},"excerpt":{"rendered":"<p>ZM International Enterprise s.r.o. je \u010desk\u00e1 poradensk\u00e1 spole\u010dnost zastupuj\u00edc\u00ed ZM International Pvt. Ltd., licencovanou zam\u011bstnaneckou agenturu v Nep\u00e1lu. Na\u0161\u00edm posl\u00e1n\u00edm je propojit kvalifikovan\u00e9 a polo&hellip;<\/p>\n","protected":false},"author":1,"featured_media":0,"parent":0,"menu_order":0,"comment_status":"closed","ping_status":"closed","template":"","meta":{"footnotes":""},"class_list":["post-43","page","type-page","status-publish","hentry"],"_links":{"self":[{"href":"https:\/\/www.zm-consulting.cz\/index.php?rest_route=\/wp\/v2\/pages\/43","targetHints":{"allow":["GET"]}}],"collection":[{"href":"https:\/\/www.zm-consulting.cz\/index.php?rest_route=\/wp\/v2\/pages"}],"about":[{"href":"https:\/\/www.zm-consulting.cz\/index.php?rest_route=\/wp\/v2\/types\/page"}],"author":[{"embeddable":true,"href":"https:\/\/www.zm-consulting.cz\/index.php?rest_route=\/wp\/v2\/users\/1"}],"replies":[{"embeddable":true,"href":"https:\/\/www.zm-consulting.cz\/index.php?rest_route=%2Fwp%2Fv2%2Fcomments&post=43"}],"version-history":[{"count":8,"href":"https:\/\/www.zm-consulting.cz\/index.php?rest_route=\/wp\/v2\/pages\/43\/revisions"}],"predecessor-version":[{"id":124,"href":"https:\/\/www.zm-consulting.cz\/index.php?rest_route=\/wp\/v2\/pages\/43\/revisions\/124"}],"wp:attachment":[{"href":"https:\/\/www.zm-consulting.cz\/index.php?rest_route=%2Fwp%2Fv2%2Fmedia&parent=43"}],"curies":[{"name":"wp","href":"https:\/\/api.w.org\/{rel}","templated":true}]}}