{"id":63,"date":"2025-05-19T02:11:19","date_gmt":"2025-05-19T02:11:19","guid":{"rendered":"https:\/\/www.zm-consulting.cz\/?page_id=63"},"modified":"2025-05-20T06:28:26","modified_gmt":"2025-05-20T06:28:26","slug":"kontakt","status":"publish","type":"page","link":"https:\/\/www.zm-consulting.cz\/?page_id=63","title":{"rendered":"kontakt"},"content":{"rendered":"\n<figure class=\"wp-block-image size-full\"><img loading=\"lazy\" decoding=\"async\" width=\"288\" height=\"161\" src=\"https:\/\/www.zm-consulting.cz\/wp-content\/uploads\/2025\/05\/logo-2.png\" alt=\"\" class=\"wp-image-70\"\/><\/figure>\n\n\n\n<hr class=\"wp-block-separator has-alpha-channel-opacity is-style-wide\"\/>\n\n\n\n<figure class=\"wp-block-image size-full is-resized is-style-default wp-duotone-unset-1\"><img loading=\"lazy\" decoding=\"async\" width=\"360\" height=\"241\" src=\"https:\/\/www.zm-consulting.cz\/wp-content\/uploads\/2025\/05\/cz-flag.jpg\" alt=\"\" class=\"wp-image-64\" style=\"width:100px\" srcset=\"https:\/\/www.zm-consulting.cz\/wp-content\/uploads\/2025\/05\/cz-flag.jpg 360w, https:\/\/www.zm-consulting.cz\/wp-content\/uploads\/2025\/05\/cz-flag-300x201.jpg 300w\" sizes=\"auto, (max-width: 360px) 100vw, 360px\" \/><\/figure>\n\n\n\n<p><strong>\u010cesk\u00e1 republika<\/strong><br>Z\u00e1h\u0159ebsk\u00e1 562\/41<br>Praha 120 00<\/p>\n\n\n\n<p><strong>ZM International Enterprise s.r.o.<\/strong><br>I\u010c: 230 82 151<br><sup>slo\u017eka C 421106 veden\u00e1 u M\u011bstsk\u00e9ho soudu v Praze<\/sup><\/p>\n\n\n\n<p>tel.: +420 773 497 191<br>email: info@zm-consulting.cz<\/p>\n\n\n\n<p>\u0159editel: Bijay Gahtraj<br>email: bgahatraj@zm-consulting.cz<\/p>\n\n\n\n<p>datov\u00e1 schr\u00e1nka: <\/p>\n\n\n\n<hr class=\"wp-block-separator has-alpha-channel-opacity is-style-wide\"\/>\n\n\n\n<figure class=\"wp-block-image size-full is-resized\"><img loading=\"lazy\" decoding=\"async\" width=\"303\" height=\"369\" src=\"https:\/\/www.zm-consulting.cz\/wp-content\/uploads\/2025\/05\/nepal-flag.jpg\" alt=\"\" class=\"wp-image-75\" style=\"width:115px;height:auto\" srcset=\"https:\/\/www.zm-consulting.cz\/wp-content\/uploads\/2025\/05\/nepal-flag.jpg 303w, https:\/\/www.zm-consulting.cz\/wp-content\/uploads\/2025\/05\/nepal-flag-246x300.jpg 246w\" sizes=\"auto, (max-width: 303px) 100vw, 303px\" \/><\/figure>\n\n\n\n<p><strong>Nepal<\/strong><br>Budhanilkantha, Kathmandu<\/p>\n\n\n\n<p><strong>ZM International Pvt. Ltd.<\/strong><\/p>\n\n\n\n<p>info@zminternationalpvt.com<br>T: +977 9857063473<\/p>\n\n\n\n<p><a href=\"https:\/\/zminternationalpvt.com\/\">www.zminternationalpvt.com<\/a><\/p>\n\n\n\n<p><\/p>\n\n\n\n<p><\/p>\n","protected":false},"excerpt":{"rendered":"<p>\u010cesk\u00e1 republikaZ\u00e1h\u0159ebsk\u00e1 562\/41Praha 120 00 ZM International Enterprise s.r.o.I\u010c: 230 82 151slo\u017eka C 421106 veden\u00e1 u M\u011bstsk\u00e9ho soudu v Praze tel.: +420 773 497 191email:&hellip;<\/p>\n","protected":false},"author":1,"featured_media":0,"parent":0,"menu_order":0,"comment_status":"closed","ping_status":"closed","template":"","meta":{"footnotes":""},"class_list":["post-63","page","type-page","status-publish","hentry"],"_links":{"self":[{"href":"https:\/\/www.zm-consulting.cz\/index.php?rest_route=\/wp\/v2\/pages\/63","targetHints":{"allow":["GET"]}}],"collection":[{"href":"https:\/\/www.zm-consulting.cz\/index.php?rest_route=\/wp\/v2\/pages"}],"about":[{"href":"https:\/\/www.zm-consulting.cz\/index.php?rest_route=\/wp\/v2\/types\/page"}],"author":[{"embeddable":true,"href":"https:\/\/www.zm-consulting.cz\/index.php?rest_route=\/wp\/v2\/users\/1"}],"replies":[{"embeddable":true,"href":"https:\/\/www.zm-consulting.cz\/index.php?rest_route=%2Fwp%2Fv2%2Fcomments&post=63"}],"version-history":[{"count":12,"href":"https:\/\/www.zm-consulting.cz\/index.php?rest_route=\/wp\/v2\/pages\/63\/revisions"}],"predecessor-version":[{"id":128,"href":"https:\/\/www.zm-consulting.cz\/index.php?rest_route=\/wp\/v2\/pages\/63\/revisions\/128"}],"wp:attachment":[{"href":"https:\/\/www.zm-consulting.cz\/index.php?rest_route=%2Fwp%2Fv2%2Fmedia&parent=63"}],"curies":[{"name":"wp","href":"https:\/\/api.w.org\/{rel}","templated":true}]}}